{"id":2904,"date":"2016-03-14T13:02:12","date_gmt":"2016-03-14T13:02:12","guid":{"rendered":"https:\/\/bizzcenter.de\/rent-an-office-in-constance\/"},"modified":"2025-05-06T11:00:13","modified_gmt":"2025-05-06T11:00:13","slug":"rent-an-office-in-constance","status":"publish","type":"page","link":"https:\/\/bizzcenter.de\/en\/rent-an-office-in-constance\/","title":{"rendered":"Rent an office in Constance"},"content":{"rendered":"<section class=\"wpb-content-wrapper\"><p>[vc_row][vc_column][\/vc_column]<h2 class=\"sc_title sc_title_regular style_color_original\">B\u00fcros mieten in Konstanz im bizzcenter<\/h2>\t\t\r\n\t\t<div class=\"djm-module-hero-with-boxes djm-background\" style=\"background-image:url(https:\/\/bizzcenter.de\/wp-content\/uploads\/2020\/02\/bizzcenter-Weil-am-Rhein-flexible-desk.jpg);\">\r\n\t\t\t\r\n\t\t\t<div class=\"djm-max-width\">\r\n\t\t\t\r\n\t\t\t\t<div class=\"djm-inner\">\r\n\t\t\t\t\r\n\t\t\t\t\t<div class=\"djm-inner-content\">\r\n\t\t\t\t\t\r\n\t\t\t\t\t\t\t\t\t\t\t\t\r\n\t\t\t\t\t\t<div class=\"djm-row djm-flex-row\">\r\n\t\t\t\t\t\t\t\r\n\t\t\t\t\t\t\t\t\t\t\t\t\t\t<div class=\"djm-box-col djm-col-xs-12 djm-col-sm-6 djm-col-md-3\">\r\n\t\t\t\t\t\t\t\t\r\n\t\t\t\t\t\t\t\t<div class=\"djm-inner djm-flex-row-item djm-relative\">\r\n\t\t\t\t\t\t\t\t\t\r\n\t\t\t\t\t\t\t\t\t<div class=\"djm-title\">B\u00fcro stundenweise<\/div>\r\n\t\t\t\t\t\t\t\t\t\t\t\t\t\t\t\t\t\t<div class=\"djm-image djm-background\" style=\"background-image:url(https:\/\/bizzcenter.de\/wp-content\/uploads\/2019\/08\/Bizzcenter-Konstanz-B\u00fcro-14m2.jpg);\"><\/div>\r\n\t\t\t\t\t\t\t\t\t<div class=\"djm-desc\">Mieten Sie flexibel B\u00fcros ab 2 Stunden in verschiedenden Gr\u00f6\u00dfen. Preise zzgl. Mwst.<\/div>\r\n\t\t\t\t\t\t\t\t\t\r\n\t\t\t\t\t\t\t\t\t<div class=\"djm-link-wrapper\">\r\n\t\t\t\t\t\t\t\t\t\t<a class=\"djm-link\" target=\"\" href=\"https:\/\/bizzcenter.de\/anfrage\">ab 29\u20ac<\/a>\t\t\t\t\t\t\t\t\t\t\r\n\t\t\t\t\t\t\t\t\t\t\t\t\t\t\t\t\t\t\t<\/div>\r\n\t\t\t\t\t\t\t\t\r\n\t\t\t\t\t\t\t\t<\/div>\r\n\t\t\t\t\t\t\t\r\n\t\t\t\t\t\t\t<\/div>\r\n\t\t\t\t\t\t\t\t\t\t\t\t\t\t<div class=\"djm-box-col djm-col-xs-12 djm-col-sm-6 djm-col-md-3\">\r\n\t\t\t\t\t\t\t\t\r\n\t\t\t\t\t\t\t\t<div class=\"djm-inner djm-flex-row-item djm-relative\">\r\n\t\t\t\t\t\t\t\t\t\r\n\t\t\t\t\t\t\t\t\t<div class=\"djm-title\">Tagesb\u00fcro<\/div>\r\n\t\t\t\t\t\t\t\t\t\t\t\t\t\t\t\t\t\t<div class=\"djm-image djm-background\" style=\"background-image:url(https:\/\/bizzcenter.de\/wp-content\/uploads\/2019\/08\/Bizzcenter-Konstanz-B\u00fcro-14m2.jpg);\"><\/div>\r\n\t\t\t\t\t\t\t\t\t<div class=\"djm-desc\">Egal ob ein Beraterb\u00fcro f\u00fcr Sie und Ihren Kunden oder ein B\u00fcro f\u00fcr 4 oder 10 Personen. Preise zzgl. Mwst.<\/div>\r\n\t\t\t\t\t\t\t\t\t\r\n\t\t\t\t\t\t\t\t\t<div class=\"djm-link-wrapper\">\r\n\t\t\t\t\t\t\t\t\t\t<a class=\"djm-link\" target=\"\" href=\"https:\/\/bizzcenter.de\/anfrage\">ab 89\u20ac<\/a>\t\t\t\t\t\t\t\t\t\t\r\n\t\t\t\t\t\t\t\t\t\t\t\t\t\t\t\t\t\t\t<\/div>\r\n\t\t\t\t\t\t\t\t\r\n\t\t\t\t\t\t\t\t<\/div>\r\n\t\t\t\t\t\t\t\r\n\t\t\t\t\t\t\t<\/div>\r\n\t\t\t\t\t\t\t\t\t\t\t\t\t\t<div class=\"djm-box-col djm-col-xs-12 djm-col-sm-6 djm-col-md-3\">\r\n\t\t\t\t\t\t\t\t\r\n\t\t\t\t\t\t\t\t<div class=\"djm-inner djm-flex-row-item djm-relative\">\r\n\t\t\t\t\t\t\t\t\t\r\n\t\t\t\t\t\t\t\t\t<div class=\"djm-title\">10er Karte<\/div>\r\n\t\t\t\t\t\t\t\t\t\t\t\t\t\t\t\t\t\t<div class=\"djm-image djm-background\" style=\"background-image:url(https:\/\/bizzcenter.de\/wp-content\/uploads\/2018\/08\/Bizzcenter-Konstanz-Konferenzraum-4-Personen-e1576834670719.jpg);\"><\/div>\r\n\t\t\t\t\t\t\t\t\t<div class=\"djm-desc\">Profitieren Sie von unserem attraktiven Staffelrabatten an 10 Terminen. B\u00fcros in unterschiedlichen Gr\u00f6\u00dfen verf\u00fcgbar. Gerne erstellen wir Ihnen ein individuelles Angebot.<\/div>\r\n\t\t\t\t\t\t\t\t\t\r\n\t\t\t\t\t\t\t\t\t<div class=\"djm-link-wrapper\">\r\n\t\t\t\t\t\t\t\t\t\t<a class=\"djm-link\" target=\"\" href=\"https:\/\/bizzcenter.de\/anfrage\">Angebot anfragen<\/a>\t\t\t\t\t\t\t\t\t\t\r\n\t\t\t\t\t\t\t\t\t\t\t\t\t\t\t\t\t\t\t<\/div>\r\n\t\t\t\t\t\t\t\t\r\n\t\t\t\t\t\t\t\t<\/div>\r\n\t\t\t\t\t\t\t\r\n\t\t\t\t\t\t\t<\/div>\r\n\t\t\t\t\t\t\t\t\t\t\t\t\t\t<div class=\"djm-box-col djm-col-xs-12 djm-col-sm-6 djm-col-md-3\">\r\n\t\t\t\t\t\t\t\t\r\n\t\t\t\t\t\t\t\t<div class=\"djm-inner djm-flex-row-item djm-relative\">\r\n\t\t\t\t\t\t\t\t\t\r\n\t\t\t\t\t\t\t\t\t<div class=\"djm-title\">Dauerhaftes B\u00fcro<\/div>\r\n\t\t\t\t\t\t\t\t\t\t\t\t\t\t\t\t\t\t<div class=\"djm-image djm-background\" style=\"background-image:url(https:\/\/bizzcenter.de\/wp-content\/uploads\/2018\/08\/Bizzcenter-Konstanz-Konferenzraum-4-Personen-e1576834670719.jpg);\"><\/div>\r\n\t\t\t\t\t\t\t\t\t<div class=\"djm-desc\">Gerne unterbreiten wir Ihnen ein Angebot welches auf Ihre Bed\u00fcrfnisse angepasst ist und freuen uns auf Ihre Kontaktaufnahme.<br \/>\n<\/div>\r\n\t\t\t\t\t\t\t\t\t\r\n\t\t\t\t\t\t\t\t\t<div class=\"djm-link-wrapper\">\r\n\t\t\t\t\t\t\t\t\t\t<a class=\"djm-link\" target=\"\" href=\"https:\/\/bizzcenter.de\/anfrage\">Angebot anfragen<\/a>\t\t\t\t\t\t\t\t\t\t\r\n\t\t\t\t\t\t\t\t\t\t\t\t\t\t\t\t\t\t\t<\/div>\r\n\t\t\t\t\t\t\t\t\r\n\t\t\t\t\t\t\t\t<\/div>\r\n\t\t\t\t\t\t\t\r\n\t\t\t\t\t\t\t<\/div>\r\n\t\t\t\t\t\t\t\t\t\t\t\t\t\r\n\t\t\t\t\t\t<\/div>\r\n\t\t\t\t\t\r\n\t\t\t\t\t<\/div>\r\n\t\t\t\t\r\n\t\t\t\t<\/div>\r\n\t\t\t\r\n\t\t\t<\/div>\r\n\t\t\r\n\t\t<\/div>\r\n\t\t\r\n\t\t[vc_empty_space][\/vc_row][vc_row][vc_column][vc_cta h2=&#8221;Benefit from our ready-to-work offices&#8221; h4=&#8221;What does that mean exactly?&#8221; add_button=&#8221;bottom&#8221; btn_title=&#8221;Request a quote&#8221; btn_color=&#8221;green&#8221; btn_size=&#8221;lg&#8221; btn_align=&#8221;right&#8221; btn_link=&#8221;url:https%3A%2F%2Fbizzcenter.de%2Fen%2Fyour-request-in-the-bizzcenter%2F|title:Your%20request%20in%20the%20bizzcenter|&#8221;]Renting an office always involves a lot of effort and costs. We have been doing this since 2004, so we take all the hassle out of it for you and you can focus on your business. With an office in the bizzcenter | Buiness Center Konstanz, you can make more of your business. The bizzcenter has the ideal office solution for your company. We offer you a suitable environment and equipment of the highest standards to make your business a success. Benefit from the pleasant atmosphere, our complete office infrastructure and our customer-oriented all-round service.     <\/p>\n<p><strong>This means that our offices are already equipped with:<\/strong><\/p>\n<p>\u2714\ufe0f High-quality office equipment from renowned manufacturers such as Steelcase, Vitra, Werndl etc.<\/p>\n<p>\u2714\ufe0f High-speed Gigabit LAN\/WLAN with the latest AC Mesh standard for optimum coverage<\/p>\n<p>\u2714\ufe0f VOIP telephone (fax optional)<\/p>\n<p>&nbsp;<\/p>\n<p><strong>We take over:<\/strong><\/p>\n<p>\u2714\ufe0f All ancillary office costs (100% green electricity, water, heating)<\/p>\n<p>\u2714\ufe0f and the GEZ fees<\/p>\n<p>\u2714\ufe0f Office cleaning and waste disposal fees<\/p>\n<p>&nbsp;<\/p>\n<p><strong>We offer you:<br \/>\n<\/strong><\/p>\n<p>Immediate start possible: rent today, move in tomorrow<\/p>\n<p>\u2714\ufe0f Flexible additional meeting and conference rooms if required (by the hour or permanently)<\/p>\n<p>\u2714\ufe0f Processing for incoming and outgoing mail<\/p>\n<p>\u2714\ufe0f Short rental periods<\/p>\n<p>&nbsp;<\/p>\n<p>&#8230;and are at your disposal as a competent partner with over 20 years of experience in the field of flexible office services and our own company start-ups in Germany and Switzerland with our knowledge and experience.<\/p>\n<p>Here you will receive your customized offer for an office and can arrange a viewing directly if you wish: We look forward to hearing from you and will usually get back to you within 24 hours.[\/vc_cta][vc_column_text][\/vc_column_text][\/vc_column][\/vc_row][vc_row][\/vc_row]<div class=\"sc_line sc_line_position_center_center sc_line_style_solid\" style=\"border-top-style:solid;\"><\/div><div id=\"sc_services_398169780_wrap\" class=\"sc_services_wrap\"><div id=\"sc_services_398169780\" class=\"sc_services sc_services_style_services-2 sc_services_type_icons \" style=\"width:100%;\"><h2 class=\"sc_services_title sc_item_title\">Nutzen Sie unsere bestehende Infrastruktur<\/h2><div class=\"sc_columns columns_wrap\"><div class=\"column-1_3 column_padding_bottom\">\t\t\t<div id=\"sc_services_398169780_1\"\t\t\t\tclass=\"sc_services_item sc_services_item_1 odd first\"\r\n\t\t\t\t>\r\n\t\t\t\t<a href=\"https:\/\/bizzcenter.de\/en\/serviceleistungen\/catering\/\"><span class=\"sc_icon icon-food-light\"><\/span><\/a>\t\t\t\t<div class=\"sc_services_item_content\">\r\n\t\t\t\t\t<h4 class=\"sc_services_item_title\"><a href=\"https:\/\/bizzcenter.de\/en\/serviceleistungen\/catering\/\">Catering<\/a><\/h4>\r\n\t\t\t\t\t<div class=\"sc_services_item_description\">\r\n\t\t\t\t\t\t<p><p>Gerne auch als Verpflegungspaket. Wir organisieren wir f\u00fcr Sie die komplette Meeting-Verpflegung, servieren wir Ihnen ihr Lieblingsgetr\u00e4nk, eine komplette Kaffeepause mit leckeren Teilchen oder auf Wunsch auch ein Mittagslunch.<\/p><\/p>\t\t\t\t\t<\/div>\r\n\t\t\t\t<\/div>\r\n\t\t\t<\/div>\r\n\t\t<\/div><div class=\"column-1_3 column_padding_bottom\">\t\t\t<div id=\"sc_services_398169780_2\"\t\t\t\tclass=\"sc_services_item sc_services_item_2 even\"\r\n\t\t\t\t>\r\n\t\t\t\t<a href=\"https:\/\/bizzcenter.de\/en\/serviceleistungen\/wlan\/\"><span class=\"sc_icon icon-icon2\"><\/span><\/a>\t\t\t\t<div class=\"sc_services_item_content\">\r\n\t\t\t\t\t<h4 class=\"sc_services_item_title\"><a href=\"https:\/\/bizzcenter.de\/en\/serviceleistungen\/wlan\/\">Highspeed-Internet<\/a><\/h4>\r\n\t\t\t\t\t<div class=\"sc_services_item_description\">\r\n\t\t\t\t\t\t<p><p>Schnell dank Glasfaser. Egal ob Videokonferenz oder IP-Telefonie. Alle R\u00e4ume sind mit schnellem W-LAN (WIFI 5\/6) und Gigabit-LAN ausgestattet.<\/p><\/p>\t\t\t\t\t<\/div>\r\n\t\t\t\t<\/div>\r\n\t\t\t<\/div>\r\n\t\t<\/div><div class=\"column-1_3 column_padding_bottom\">\t\t\t<div id=\"sc_services_398169780_3\"\t\t\t\tclass=\"sc_services_item sc_services_item_3 odd\"\r\n\t\t\t\t>\r\n\t\t\t\t<a href=\"https:\/\/bizzcenter.de\/en\/serviceleistungen\/ausgestattete-kueche\/\"><span class=\"sc_icon icon-icon5\"><\/span><\/a>\t\t\t\t<div class=\"sc_services_item_content\">\r\n\t\t\t\t\t<h4 class=\"sc_services_item_title\"><a href=\"https:\/\/bizzcenter.de\/en\/serviceleistungen\/ausgestattete-kueche\/\">K\u00fcche<\/a><\/h4>\r\n\t\t\t\t\t<div class=\"sc_services_item_description\">\r\n\t\t\t\t\t\t<p><p>Nutzen Sie w\u00e4hrend Ihres bizzcenter-Aufenthalts unsere Tee-K\u00fcche inkl. Aufw\u00e4rm- und K\u00fchlm\u00f6glichkeit.<\/p><\/p>\t\t\t\t\t<\/div>\r\n\t\t\t\t<\/div>\r\n\t\t\t<\/div>\r\n\t\t<\/div><div class=\"column-1_3 column_padding_bottom\">\t\t\t<div id=\"sc_services_398169780_4\"\t\t\t\tclass=\"sc_services_item sc_services_item_4 even\"\r\n\t\t\t\t>\r\n\t\t\t\t<a href=\"https:\/\/bizzcenter.de\/en\/serviceleistungen\/kaffee-tee\/\"><span class=\"sc_icon icon-icon6\"><\/span><\/a>\t\t\t\t<div class=\"sc_services_item_content\">\r\n\t\t\t\t\t<h4 class=\"sc_services_item_title\"><a href=\"https:\/\/bizzcenter.de\/en\/serviceleistungen\/kaffee-tee\/\">Kaffee &#038; Tee<\/a><\/h4>\r\n\t\t\t\t\t<div class=\"sc_services_item_description\">\r\n\t\t\t\t\t\t<p><p>Profimaschine mit fairtrade-Bio-Kaffee oder demeter-Getreidekaffee, sowie verschiedenste, feine Bio-Teesorten geben Dir Power f\u00fcr den B\u00fcrotag.<\/p><\/p>\t\t\t\t\t<\/div>\r\n\t\t\t\t<\/div>\r\n\t\t\t<\/div>\r\n\t\t<\/div><div class=\"column-1_3 column_padding_bottom\">\t\t\t<div id=\"sc_services_398169780_5\"\t\t\t\tclass=\"sc_services_item sc_services_item_5 odd\"\r\n\t\t\t\t>\r\n\t\t\t\t<a href=\"https:\/\/bizzcenter.de\/en\/serviceleistungen\/praesenationstechnik\/\"><span class=\"sc_icon icon-icon7\"><\/span><\/a>\t\t\t\t<div class=\"sc_services_item_content\">\r\n\t\t\t\t\t<h4 class=\"sc_services_item_title\"><a href=\"https:\/\/bizzcenter.de\/en\/serviceleistungen\/praesenationstechnik\/\">Pr\u00e4sentations- &#038; Konferenztechnik<\/a><\/h4>\r\n\t\t\t\t\t<div class=\"sc_services_item_description\">\r\n\t\t\t\t\t\t<p><p>Neben den im Raum befindlichen Flipcharts (auch Moderationsw\u00e4nde), k\u00f6nnen Moderationskoffer, LED-TV (54 und 75 Zoll 4k, AirPlay\u00ae, SmartView\u00ae), HD-Beamer und Leinwand sowie Videokonferenz-Cam (Full HD) optional dazugebucht werden.<\/p><\/p>\t\t\t\t\t<\/div>\r\n\t\t\t\t<\/div>\r\n\t\t\t<\/div>\r\n\t\t<\/div><div class=\"column-1_3 column_padding_bottom\">\t\t\t<div id=\"sc_services_398169780_6\"\t\t\t\tclass=\"sc_services_item sc_services_item_6 even\"\r\n\t\t\t\t>\r\n\t\t\t\t<a href=\"https:\/\/bizzcenter.de\/en\/serviceleistungen\/bio-snack-ecke\/\"><span class=\"sc_icon icon-infrastructure05\"><\/span><\/a>\t\t\t\t<div class=\"sc_services_item_content\">\r\n\t\t\t\t\t<h4 class=\"sc_services_item_title\"><a href=\"https:\/\/bizzcenter.de\/en\/serviceleistungen\/bio-snack-ecke\/\">Bio-Snacks<\/a><\/h4>\r\n\t\t\t\t\t<div class=\"sc_services_item_description\">\r\n\t\t\t\t\t\t<p><p>Von Powerriegeln \u00fcber Salzbrezelchen bis Suppen &amp; Currys sowie Gehirnfutter in Form von N\u00fcssen finden Sie alles f\u00fcr einen kleinen Snack und Hunger in Bio-Qualit\u00e4t.<\/p><\/p>\t\t\t\t\t<\/div>\r\n\t\t\t\t<\/div>\r\n\t\t\t<\/div>\r\n\t\t<\/div><\/div><\/div><!-- \/.sc_services --><\/div><!-- \/.sc_services_wrap -->[vc_column][\/vc_column][vc_column_text][\/vc_column_text]<div id=\"sc_googlemap_1490192969\" class=\"sc_googlemap\" style=\"width:100%;height:480px;\" data-zoom=\"16\" data-style=\"default\"><iframe src=\"https:\/\/maps.google.com\/maps?t=m&output=embed&iwloc=near&z=16&q=bizzcenter+e.K.%2C+Lohnerhofstr.+2%2C+78467+Konstanz\" scrolling=\"no\" marginheight=\"0\" marginwidth=\"0\" frameborder=\"0\"\n                    aria-label=\"\"><\/iframe><\/div>\n<\/section>","protected":false},"excerpt":{"rendered":"<p>[vc_row][vc_column][\/vc_column][vc_empty_space][\/vc_row][vc_row][vc_column][vc_cta h2=&#8221;Benefit from our ready-to-work offices&#8221; h4=&#8221;What does that mean exactly?&#8221; add_button=&#8221;bottom&#8221; btn_title=&#8221;Request a quote&#8221; btn_color=&#8221;green&#8221; btn_size=&#8221;lg&#8221; btn_align=&#8221;right&#8221; btn_link=&#8221;url:https%3A%2F%2Fbizzcenter.de%2Fen%2Fyour-request-in-the-bizzcenter%2F|title:Your%20request%20in%20the%20bizzcenter|&#8221;]Renting an office always involves a lot of effort and costs. We have been doing this since 2004, so we take all the hassle out of it for you and you can focus on your business. With [&hellip;]<\/p>\n","protected":false},"author":1,"featured_media":0,"parent":0,"menu_order":0,"comment_status":"closed","ping_status":"closed","template":"","meta":{"_bbp_topic_count":0,"_bbp_reply_count":0,"_bbp_total_topic_count":0,"_bbp_total_reply_count":0,"_bbp_voice_count":0,"_bbp_anonymous_reply_count":0,"_bbp_topic_count_hidden":0,"_bbp_reply_count_hidden":0,"_bbp_forum_subforum_count":0},"aioseo_notices":[],"_links":{"self":[{"href":"https:\/\/bizzcenter.de\/en\/wp-json\/wp\/v2\/pages\/2904"}],"collection":[{"href":"https:\/\/bizzcenter.de\/en\/wp-json\/wp\/v2\/pages"}],"about":[{"href":"https:\/\/bizzcenter.de\/en\/wp-json\/wp\/v2\/types\/page"}],"author":[{"embeddable":true,"href":"https:\/\/bizzcenter.de\/en\/wp-json\/wp\/v2\/users\/1"}],"replies":[{"embeddable":true,"href":"https:\/\/bizzcenter.de\/en\/wp-json\/wp\/v2\/comments?post=2904"}],"version-history":[{"count":8,"href":"https:\/\/bizzcenter.de\/en\/wp-json\/wp\/v2\/pages\/2904\/revisions"}],"predecessor-version":[{"id":3612,"href":"https:\/\/bizzcenter.de\/en\/wp-json\/wp\/v2\/pages\/2904\/revisions\/3612"}],"wp:attachment":[{"href":"https:\/\/bizzcenter.de\/en\/wp-json\/wp\/v2\/media?parent=2904"}],"curies":[{"name":"wp","href":"https:\/\/api.w.org\/{rel}","templated":true}]}}