{"id":2908,"date":"2016-03-15T14:04:12","date_gmt":"2016-03-15T14:04:12","guid":{"rendered":"https:\/\/bizzcenter.de\/meeting-room-constance\/"},"modified":"2025-05-05T19:20:20","modified_gmt":"2025-05-05T19:20:20","slug":"meeting-room-constance","status":"publish","type":"page","link":"https:\/\/bizzcenter.de\/en\/meeting-room-constance\/","title":{"rendered":"Meeting room Constance"},"content":{"rendered":"<section class=\"wpb-content-wrapper\"><p>[vc_row][vc_column]<h5 class=\"sc_title sc_title_underline sc_align_center margin_top_null style_color_accent\" style=\"text-align:center;\"><\/p>\n<h3 style=\"text-align: center;\"><span style=\"color: #004990;\">Our meeting and conference rooms in Constance<\/span><\/h3>\n<p><\/h5>[vc_empty_space][\/vc_column][\/vc_row][vc_row gap=&#8221;10&#8243;][vc_column width=&#8221;1\/3&#8243;]<div class=\"sc_price_block sc_price_block_style_1\"><div class=\"sc_price_block_title\"><span>small<\/span><\/div><div class=\"sc_price_block_subtitle\"><span>f\u00fcr bis zu 5 Personen<\/span><\/div><div class=\"sc_price_block_money\"><div class=\"sc_price\"><span class=\"sc_price_currency\">\u20ac<\/span><span class=\"sc_price_money\">129<\/span><\/div><span class=\"sc_price_period\">Tagespreis (152,51 inkl. MwSt.)<\/span><\/div><div class=\"sc_price_block_description\"><img decoding=\"async\" loading=\"lazy\" class=\"aligncenter wp-image-931 size-medium\" src=\"https:\/\/bizzcenter.de\/wp-content\/uploads\/2018\/08\/Bizzcenter-Konstanz-Konferenzraum-4-Personen-e1576834670719-300x219.jpg\" alt=\"\" width=\"300\" height=\"219\" srcset=\"https:\/\/bizzcenter.de\/wp-content\/uploads\/2018\/08\/Bizzcenter-Konstanz-Konferenzraum-4-Personen-e1576834670719-300x219.jpg 300w, https:\/\/bizzcenter.de\/wp-content\/uploads\/2018\/08\/Bizzcenter-Konstanz-Konferenzraum-4-Personen-e1576834670719-600x438.jpg 600w, https:\/\/bizzcenter.de\/wp-content\/uploads\/2018\/08\/Bizzcenter-Konstanz-Konferenzraum-4-Personen-e1576834670719-768x560.jpg 768w, https:\/\/bizzcenter.de\/wp-content\/uploads\/2018\/08\/Bizzcenter-Konstanz-Konferenzraum-4-Personen-e1576834670719.jpg 936w\" sizes=\"(max-width: 300px) 100vw, 300px\" \/>Meeting room with 21 sqm, meeting table with 5 comfortable chairs. Incl. high-speed WIFI. Optional organic catering, 54&#8243; LED TV, video conference cam. Can be booked by the hour or by the day.    <\/div><div class=\"sc_price_block_link\"><a href=\"https:\/\/bizzcenter.de\/anfrage\" class=\"sc_button sc_button_square sc_button_style_filled sc_button_size_small\">Anfragen<\/a><\/div><\/div>[\/vc_column][vc_column width=&#8221;1\/3&#8243;]<div class=\"sc_price_block sc_price_block_style_3\"><div class=\"sc_price_block_title\"><span>mid<\/span><\/div><div class=\"sc_price_block_subtitle\"><span>f\u00fcr bis zu 12 Personen<\/span><\/div><div class=\"sc_price_block_money\"><div class=\"sc_price\"><span class=\"sc_price_currency\">\u20ac<\/span><span class=\"sc_price_money\">159<\/span><\/div><span class=\"sc_price_period\">Tagespreis (189,21 inkl. MwSt.)<\/span><\/div><div class=\"sc_price_block_description\"><img decoding=\"async\" loading=\"lazy\" class=\"size-medium wp-image-2142 aligncenter\" src=\"https:\/\/bizzcenter.de\/wp-content\/uploads\/2024\/06\/photo_2024-05-27_16-54-23-300x225.jpg\" alt=\"\" width=\"300\" height=\"225\" srcset=\"https:\/\/bizzcenter.de\/wp-content\/uploads\/2024\/06\/photo_2024-05-27_16-54-23-300x225.jpg 300w, https:\/\/bizzcenter.de\/wp-content\/uploads\/2024\/06\/photo_2024-05-27_16-54-23-1024x768.jpg 1024w, https:\/\/bizzcenter.de\/wp-content\/uploads\/2024\/06\/photo_2024-05-27_16-54-23-768x576.jpg 768w, https:\/\/bizzcenter.de\/wp-content\/uploads\/2024\/06\/photo_2024-05-27_16-54-23.jpg 1280w\" sizes=\"(max-width: 300px) 100vw, 300px\" \/>Meeting room with 28 sqm, flexible table elements with 12 comfortable chairs. Incl. high-speed WIFI. Optional organic catering, 75&#8243; LED TV, video conference cam. Can be booked by the hour or by the day.    <\/div><div class=\"sc_price_block_link\"><a href=\"https:\/\/bizzcenter.de\/anfrage\" class=\"sc_button sc_button_square sc_button_style_filled sc_button_size_small\">Anfragen<\/a><\/div><\/div>[\/vc_column][vc_column width=&#8221;1\/3&#8243;]<div class=\"sc_price_block sc_price_block_style_1\"><div class=\"sc_price_block_title\"><span>big<\/span><\/div><div class=\"sc_price_block_subtitle\"><span>f\u00fcr bis zu 20 Personen (Kinobestuhlung)<\/span><\/div><div class=\"sc_price_block_money\"><div class=\"sc_price\"><span class=\"sc_price_currency\">\u20ac<\/span><span class=\"sc_price_money\">249<\/span><\/div><span class=\"sc_price_period\">Tagespreis (296,31 inkl. MwSt.)<\/span><\/div><div class=\"sc_price_block_description\"><img decoding=\"async\" loading=\"lazy\" class=\"wp-image-1055 size-medium aligncenter\" src=\"https:\/\/bizzcenter.de\/wp-content\/uploads\/2018\/08\/Bizzcenter-Konstanz-Meetingraum-Konferenzraum-mittel-300x219.jpg\" alt=\"Conference room ideal for meetings in Constance\" width=\"300\" height=\"219\">Meeting room with 54 square meters, up to 12 table or 20 as cinema seating. Incl. High-speed WIFI. Optional organic catering, 75&#8243; LED TV, video conference cam. Can be booked by the hour or by the day.<\/div><div class=\"sc_price_block_link\"><a href=\"https:\/\/bizzcenter.de\/anfrage\" class=\"sc_button sc_button_square sc_button_style_filled sc_button_size_small\">Anfragen<\/a><\/div><\/div>[\/vc_column][\/vc_row][vc_row][vc_column][vc_empty_space height=&#8221;60px&#8221;][\/vc_column][\/vc_row][vc_row][vc_column]<div class=\"sc_section margin_bottom_medium aligncenter\" data-animation=\"animated fadeInUp normal\" style=\"padding-top: 1px; margin-top: -1.3rem;\"><div class=\"sc_section_inner\"><div class=\"sc_section_content_wrap\"><h5 class=\"sc_title sc_title_underline sc_align_center margin_top_null style_color_accent\" style=\"text-align:center;\"><\/h5><div id=\"sc_services_1640095679_wrap\" class=\"sc_services_wrap\"><div id=\"sc_services_1640095679\" class=\"sc_services sc_services_style_services-2 sc_services_type_icons \" style=\"width:100%;\"><h2 class=\"sc_services_title sc_item_title\">Our services for your stay<\/h2><div class=\"sc_columns columns_wrap\"><div class=\"column-1_3 column_padding_bottom\">\t\t\t<div id=\"sc_services_1640095679_1\"\t\t\t\tclass=\"sc_services_item sc_services_item_1 odd first\"\r\n\t\t\t\t>\r\n\t\t\t\t<a href=\"https:\/\/bizzcenter.de\/en\/serviceleistungen\/catering\/\"><span class=\"sc_icon icon-food-light\"><\/span><\/a>\t\t\t\t<div class=\"sc_services_item_content\">\r\n\t\t\t\t\t<h4 class=\"sc_services_item_title\"><a href=\"https:\/\/bizzcenter.de\/en\/serviceleistungen\/catering\/\">Catering<\/a><\/h4>\r\n\t\t\t\t\t<div class=\"sc_services_item_description\">\r\n\t\t\t\t\t\t<p><p>Gerne auch als Verpflegungspaket. Wir organisieren wir f\u00fcr Sie die komplette Meeting-Verpflegung, servieren wir Ihnen ihr Lieblingsgetr\u00e4nk, eine komplette Kaffeepause mit leckeren Teilchen oder auf Wunsch auch ein Mittagslunch.<\/p><\/p>\t\t\t\t\t<\/div>\r\n\t\t\t\t<\/div>\r\n\t\t\t<\/div>\r\n\t\t<\/div><div class=\"column-1_3 column_padding_bottom\">\t\t\t<div id=\"sc_services_1640095679_2\"\t\t\t\tclass=\"sc_services_item sc_services_item_2 even\"\r\n\t\t\t\t>\r\n\t\t\t\t<a href=\"https:\/\/bizzcenter.de\/en\/serviceleistungen\/wlan\/\"><span class=\"sc_icon icon-icon2\"><\/span><\/a>\t\t\t\t<div class=\"sc_services_item_content\">\r\n\t\t\t\t\t<h4 class=\"sc_services_item_title\"><a href=\"https:\/\/bizzcenter.de\/en\/serviceleistungen\/wlan\/\">Highspeed-Internet<\/a><\/h4>\r\n\t\t\t\t\t<div class=\"sc_services_item_description\">\r\n\t\t\t\t\t\t<p><p>Schnell dank Glasfaser. Egal ob Videokonferenz oder IP-Telefonie. Alle R\u00e4ume sind mit schnellem W-LAN (WIFI 5\/6) und Gigabit-LAN ausgestattet.<\/p><\/p>\t\t\t\t\t<\/div>\r\n\t\t\t\t<\/div>\r\n\t\t\t<\/div>\r\n\t\t<\/div><div class=\"column-1_3 column_padding_bottom\">\t\t\t<div id=\"sc_services_1640095679_3\"\t\t\t\tclass=\"sc_services_item sc_services_item_3 odd\"\r\n\t\t\t\t>\r\n\t\t\t\t<a href=\"https:\/\/bizzcenter.de\/en\/serviceleistungen\/ausgestattete-kueche\/\"><span class=\"sc_icon icon-icon5\"><\/span><\/a>\t\t\t\t<div class=\"sc_services_item_content\">\r\n\t\t\t\t\t<h4 class=\"sc_services_item_title\"><a href=\"https:\/\/bizzcenter.de\/en\/serviceleistungen\/ausgestattete-kueche\/\">K\u00fcche<\/a><\/h4>\r\n\t\t\t\t\t<div class=\"sc_services_item_description\">\r\n\t\t\t\t\t\t<p><p>Nutzen Sie w\u00e4hrend Ihres bizzcenter-Aufenthalts unsere Tee-K\u00fcche inkl. Aufw\u00e4rm- und K\u00fchlm\u00f6glichkeit.<\/p><\/p>\t\t\t\t\t<\/div>\r\n\t\t\t\t<\/div>\r\n\t\t\t<\/div>\r\n\t\t<\/div><div class=\"column-1_3 column_padding_bottom\">\t\t\t<div id=\"sc_services_1640095679_4\"\t\t\t\tclass=\"sc_services_item sc_services_item_4 even\"\r\n\t\t\t\t>\r\n\t\t\t\t<a href=\"https:\/\/bizzcenter.de\/en\/serviceleistungen\/kaffee-tee\/\"><span class=\"sc_icon icon-icon6\"><\/span><\/a>\t\t\t\t<div class=\"sc_services_item_content\">\r\n\t\t\t\t\t<h4 class=\"sc_services_item_title\"><a href=\"https:\/\/bizzcenter.de\/en\/serviceleistungen\/kaffee-tee\/\">Kaffee &#038; Tee<\/a><\/h4>\r\n\t\t\t\t\t<div class=\"sc_services_item_description\">\r\n\t\t\t\t\t\t<p><p>Profimaschine mit fairtrade-Bio-Kaffee oder demeter-Getreidekaffee, sowie verschiedenste, feine Bio-Teesorten geben Dir Power f\u00fcr den B\u00fcrotag.<\/p><\/p>\t\t\t\t\t<\/div>\r\n\t\t\t\t<\/div>\r\n\t\t\t<\/div>\r\n\t\t<\/div><div class=\"column-1_3 column_padding_bottom\">\t\t\t<div id=\"sc_services_1640095679_5\"\t\t\t\tclass=\"sc_services_item sc_services_item_5 odd\"\r\n\t\t\t\t>\r\n\t\t\t\t<a href=\"https:\/\/bizzcenter.de\/en\/serviceleistungen\/praesenationstechnik\/\"><span class=\"sc_icon icon-icon7\"><\/span><\/a>\t\t\t\t<div class=\"sc_services_item_content\">\r\n\t\t\t\t\t<h4 class=\"sc_services_item_title\"><a href=\"https:\/\/bizzcenter.de\/en\/serviceleistungen\/praesenationstechnik\/\">Pr\u00e4sentations- &#038; Konferenztechnik<\/a><\/h4>\r\n\t\t\t\t\t<div class=\"sc_services_item_description\">\r\n\t\t\t\t\t\t<p><p>Neben den im Raum befindlichen Flipcharts (auch Moderationsw\u00e4nde), k\u00f6nnen Moderationskoffer, LED-TV (54 und 75 Zoll 4k, AirPlay\u00ae, SmartView\u00ae), HD-Beamer und Leinwand sowie Videokonferenz-Cam (Full HD) optional dazugebucht werden.<\/p><\/p>\t\t\t\t\t<\/div>\r\n\t\t\t\t<\/div>\r\n\t\t\t<\/div>\r\n\t\t<\/div><div class=\"column-1_3 column_padding_bottom\">\t\t\t<div id=\"sc_services_1640095679_6\"\t\t\t\tclass=\"sc_services_item sc_services_item_6 even\"\r\n\t\t\t\t>\r\n\t\t\t\t<a href=\"https:\/\/bizzcenter.de\/en\/serviceleistungen\/bio-snack-ecke\/\"><span class=\"sc_icon icon-infrastructure05\"><\/span><\/a>\t\t\t\t<div class=\"sc_services_item_content\">\r\n\t\t\t\t\t<h4 class=\"sc_services_item_title\"><a href=\"https:\/\/bizzcenter.de\/en\/serviceleistungen\/bio-snack-ecke\/\">Bio-Snacks<\/a><\/h4>\r\n\t\t\t\t\t<div class=\"sc_services_item_description\">\r\n\t\t\t\t\t\t<p><p>Von Powerriegeln \u00fcber Salzbrezelchen bis Suppen &amp; Currys sowie Gehirnfutter in Form von N\u00fcssen finden Sie alles f\u00fcr einen kleinen Snack und Hunger in Bio-Qualit\u00e4t.<\/p><\/p>\t\t\t\t\t<\/div>\r\n\t\t\t\t<\/div>\r\n\t\t\t<\/div>\r\n\t\t<\/div><div class=\"column-1_3 column_padding_bottom\">\t\t\t<div id=\"sc_services_1640095679_7\"\t\t\t\tclass=\"sc_services_item sc_services_item_7 odd\"\r\n\t\t\t\t>\r\n\t\t\t\t<a href=\"https:\/\/bizzcenter.de\/en\/serviceleistungen\/zentrale-lage-2\/\"><span class=\"sc_icon icon-infrastructure08\"><\/span><\/a>\t\t\t\t<div class=\"sc_services_item_content\">\r\n\t\t\t\t\t<h4 class=\"sc_services_item_title\"><a href=\"https:\/\/bizzcenter.de\/en\/serviceleistungen\/zentrale-lage-2\/\">Zentrale Lage<\/a><\/h4>\r\n\t\t\t\t\t<div class=\"sc_services_item_description\">\r\n\t\t\t\t\t\t<p><p>Zentral gelegen \u2013 mit dem Auto und \u00f6ffentlichen Verkehrsmitteln gut erreichbar.<\/p><\/p>\t\t\t\t\t<\/div>\r\n\t\t\t\t<\/div>\r\n\t\t\t<\/div>\r\n\t\t<\/div><div class=\"column-1_3 column_padding_bottom\">\t\t\t<div id=\"sc_services_1640095679_8\"\t\t\t\tclass=\"sc_services_item sc_services_item_8 even\"\r\n\t\t\t\t>\r\n\t\t\t\t<a href=\"https:\/\/bizzcenter.de\/en\/serviceleistungen\/chill-out-area\/\"><span class=\"sc_icon icon-social01\"><\/span><\/a>\t\t\t\t<div class=\"sc_services_item_content\">\r\n\t\t\t\t\t<h4 class=\"sc_services_item_title\"><a href=\"https:\/\/bizzcenter.de\/en\/serviceleistungen\/chill-out-area\/\">Chill-out Area<\/a><\/h4>\r\n\t\t\t\t\t<div class=\"sc_services_item_description\">\r\n\t\t\t\t\t\t<p><p>Wer produktiv arbeiten m\u00f6chte, braucht zwischendurch mal ein Pause. Entspannen Sie auf unserer Sitzm\u00f6glichkeit im Gr\u00fcnen oder bei einem Kaffee in unserem Chill-out Bereich.<\/p><\/p>\t\t\t\t\t<\/div>\r\n\t\t\t\t<\/div>\r\n\t\t\t<\/div>\r\n\t\t<\/div><div class=\"column-1_3 column_padding_bottom\">\t\t\t<div id=\"sc_services_1640095679_9\"\t\t\t\tclass=\"sc_services_item sc_services_item_9 odd\"\r\n\t\t\t\t>\r\n\t\t\t\t<a href=\"https:\/\/bizzcenter.de\/en\/serviceleistungen\/parken\/\"><span class=\"sc_icon icon-truck-light\"><\/span><\/a>\t\t\t\t<div class=\"sc_services_item_content\">\r\n\t\t\t\t\t<h4 class=\"sc_services_item_title\"><a href=\"https:\/\/bizzcenter.de\/en\/serviceleistungen\/parken\/\">Parken<\/a><\/h4>\r\n\t\t\t\t\t<div class=\"sc_services_item_description\">\r\n\t\t\t\t\t\t<p><p>Direkt vor dem bizzcenter und im Quartier finden sich kostenlose Parkm\u00f6glichkeiten. Zus\u00e4tzlich befindet sich 2 Gehminuten entfernt ein \u00f6ffentliches Parkhaus<\/p><\/p>\t\t\t\t\t<\/div>\r\n\t\t\t\t<\/div>\r\n\t\t\t<\/div>\r\n\t\t<\/div><\/div><\/div><!-- \/.sc_services --><\/div><!-- \/.sc_services_wrap --><\/div><\/div><\/div>[\/vc_column][\/vc_row][vc_row][vc_column][vc_column_text]Click here for <a href=\"https:\/\/bizzcenter.de\/en\/?page_id=2907\">directions to bizzcenter Konstanz<\/a>[\/vc_column_text][\/vc_column][\/vc_row][vc_row][vc_column][vc_empty_space][\/vc_column][\/vc_row]<\/p>\n<\/section>","protected":false},"excerpt":{"rendered":"<p>[vc_row][vc_column][vc_empty_space][\/vc_column][\/vc_row][vc_row gap=&#8221;10&#8243;][vc_column width=&#8221;1\/3&#8243;][\/vc_column][vc_column width=&#8221;1\/3&#8243;][\/vc_column][vc_column width=&#8221;1\/3&#8243;][\/vc_column][\/vc_row][vc_row][vc_column][vc_empty_space height=&#8221;60px&#8221;][\/vc_column][\/vc_row][vc_row][vc_column][\/vc_column][\/vc_row][vc_row][vc_column][vc_column_text]Click here for directions to bizzcenter Konstanz[\/vc_column_text][\/vc_column][\/vc_row][vc_row][vc_column][vc_empty_space][\/vc_column][\/vc_row]<\/p>\n","protected":false},"author":1,"featured_media":0,"parent":0,"menu_order":0,"comment_status":"closed","ping_status":"closed","template":"","meta":{"_bbp_topic_count":0,"_bbp_reply_count":0,"_bbp_total_topic_count":0,"_bbp_total_reply_count":0,"_bbp_voice_count":0,"_bbp_anonymous_reply_count":0,"_bbp_topic_count_hidden":0,"_bbp_reply_count_hidden":0,"_bbp_forum_subforum_count":0},"aioseo_notices":[],"_links":{"self":[{"href":"https:\/\/bizzcenter.de\/en\/wp-json\/wp\/v2\/pages\/2908"}],"collection":[{"href":"https:\/\/bizzcenter.de\/en\/wp-json\/wp\/v2\/pages"}],"about":[{"href":"https:\/\/bizzcenter.de\/en\/wp-json\/wp\/v2\/types\/page"}],"author":[{"embeddable":true,"href":"https:\/\/bizzcenter.de\/en\/wp-json\/wp\/v2\/users\/1"}],"replies":[{"embeddable":true,"href":"https:\/\/bizzcenter.de\/en\/wp-json\/wp\/v2\/comments?post=2908"}],"version-history":[{"count":3,"href":"https:\/\/bizzcenter.de\/en\/wp-json\/wp\/v2\/pages\/2908\/revisions"}],"predecessor-version":[{"id":2922,"href":"https:\/\/bizzcenter.de\/en\/wp-json\/wp\/v2\/pages\/2908\/revisions\/2922"}],"wp:attachment":[{"href":"https:\/\/bizzcenter.de\/en\/wp-json\/wp\/v2\/media?parent=2908"}],"curies":[{"name":"wp","href":"https:\/\/api.w.org\/{rel}","templated":true}]}}