{"id":2937,"date":"2019-12-25T12:22:55","date_gmt":"2019-12-25T12:22:55","guid":{"rendered":"https:\/\/bizzcenter.de\/coworking-constance\/"},"modified":"2025-05-06T11:20:16","modified_gmt":"2025-05-06T11:20:16","slug":"coworking-constance","status":"publish","type":"page","link":"https:\/\/bizzcenter.de\/en\/coworking-constance\/","title":{"rendered":"Coworking Constance"},"content":{"rendered":"<section class=\"wpb-content-wrapper\"><p>[vc_row][vc_column]<h2 class=\"sc_title sc_title_regular style_color_original\">Coworking im bizzcenter Konstanz<\/h2>\t\t\r\n\t\t<div class=\"djm-module-hero-with-boxes djm-background\" style=\"background-image:url(https:\/\/bizzcenter.de\/wp-content\/uploads\/2020\/02\/bizzcenter-Weil-am-Rhein-flexible-desk.jpg);\">\r\n\t\t\t\r\n\t\t\t<div class=\"djm-max-width\">\r\n\t\t\t\r\n\t\t\t\t<div class=\"djm-inner\">\r\n\t\t\t\t\r\n\t\t\t\t\t<div class=\"djm-inner-content\">\r\n\t\t\t\t\t\r\n\t\t\t\t\t\t\t\t\t\t\t\t\r\n\t\t\t\t\t\t<div class=\"djm-row djm-flex-row\">\r\n\t\t\t\t\t\t\t\r\n\t\t\t\t\t\t\t\t\t\t\t\t\t\t<div class=\"djm-box-col djm-col-xs-12 djm-col-sm-6 djm-col-md-3\">\r\n\t\t\t\t\t\t\t\t\r\n\t\t\t\t\t\t\t\t<div class=\"djm-inner djm-flex-row-item djm-relative\">\r\n\t\t\t\t\t\t\t\t\t\r\n\t\t\t\t\t\t\t\t\t<div class=\"djm-title\">Tagespass<\/div>\r\n\t\t\t\t\t\t\t\t\t\t\t\t\t\t\t\t\t\t<div class=\"djm-image djm-background\" style=\"background-image:url(https:\/\/bizzcenter.de\/wp-content\/uploads\/2020\/02\/bizzcenter-Weil-am-Rhein-Virtual-Office.jpg);\"><\/div>\r\n\t\t\t\t\t\t\t\t\t<div class=\"djm-desc\">Tagespass mit freier Arbeitsplatzwahl in unseren hellen tageslicht- durchfluteten R\u00e4umlichkeiten. Optional so viel Koffein wie n\u00f6tig. Preise zzgl. Mwst.<\/div>\r\n\t\t\t\t\t\t\t\t\t\r\n\t\t\t\t\t\t\t\t\t<div class=\"djm-link-wrapper\">\r\n\t\t\t\t\t\t\t\t\t\t<a class=\"djm-link\" target=\"\" href=\"https:\/\/bizzcenter.de\/anfrage\">35\u20ac<\/a>\t\t\t\t\t\t\t\t\t\t\r\n\t\t\t\t\t\t\t\t\t\t\t\t\t\t\t\t\t\t\t<\/div>\r\n\t\t\t\t\t\t\t\t\r\n\t\t\t\t\t\t\t\t<\/div>\r\n\t\t\t\t\t\t\t\r\n\t\t\t\t\t\t\t<\/div>\r\n\t\t\t\t\t\t\t\t\t\t\t\t\t\t<div class=\"djm-box-col djm-col-xs-12 djm-col-sm-6 djm-col-md-3\">\r\n\t\t\t\t\t\t\t\t\r\n\t\t\t\t\t\t\t\t<div class=\"djm-inner djm-flex-row-item djm-relative\">\r\n\t\t\t\t\t\t\t\t\t\r\n\t\t\t\t\t\t\t\t\t<div class=\"djm-title\">10er Karte<\/div>\r\n\t\t\t\t\t\t\t\t\t\t\t\t\t\t\t\t\t\t<div class=\"djm-image djm-background\" style=\"background-image:url(https:\/\/bizzcenter.de\/wp-content\/uploads\/2019\/08\/john-schnobrich-2FPjlAyMQTA-unsplash.jpg);\"><\/div>\r\n\t\t\t\t\t\t\t\t\t<div class=\"djm-desc\">10 Tagesp\u00e4sse f\u00fcr flexibles Arbeiten an 10 Tagen deiner Wahl in begr\u00fcnten, hellen B\u00fcror\u00e4umlichkeiten. Preise zzgl. Mwst.<\/div>\r\n\t\t\t\t\t\t\t\t\t\r\n\t\t\t\t\t\t\t\t\t<div class=\"djm-link-wrapper\">\r\n\t\t\t\t\t\t\t\t\t\t<a class=\"djm-link\" target=\"\" href=\"https:\/\/bizzcenter.de\/anfrage\">339\u20ac<\/a>\t\t\t\t\t\t\t\t\t\t\r\n\t\t\t\t\t\t\t\t\t\t\t\t\t\t\t\t\t\t\t<\/div>\r\n\t\t\t\t\t\t\t\t\r\n\t\t\t\t\t\t\t\t<\/div>\r\n\t\t\t\t\t\t\t\r\n\t\t\t\t\t\t\t<\/div>\r\n\t\t\t\t\t\t\t\t\t\t\t\t\t\t<div class=\"djm-box-col djm-col-xs-12 djm-col-sm-6 djm-col-md-3\">\r\n\t\t\t\t\t\t\t\t\r\n\t\t\t\t\t\t\t\t<div class=\"djm-inner djm-flex-row-item djm-relative\">\r\n\t\t\t\t\t\t\t\t\t\r\n\t\t\t\t\t\t\t\t\t<div class=\"djm-title\">Monatspass<\/div>\r\n\t\t\t\t\t\t\t\t\t\t\t\t\t\t\t\t\t\t<div class=\"djm-image djm-background\" style=\"background-image:url(https:\/\/bizzcenter.de\/wp-content\/uploads\/2020\/02\/bizzcenter-Weil-am-Rhein-B\u00fcro-2.jpg);\"><\/div>\r\n\t\t\t\t\t\t\t\t\t<div class=\"djm-desc\">Ein voller Monat mit freier Arbeitsplatzwahl in wundersch\u00f6nen hellen B\u00fcror\u00e4umlichkeiten.<br \/>\nOptional dazu soviel Koffein wie n\u00f6tig<br \/>\nPreise zzgl. Mwst.<\/div>\r\n\t\t\t\t\t\t\t\t\t\r\n\t\t\t\t\t\t\t\t\t<div class=\"djm-link-wrapper\">\r\n\t\t\t\t\t\t\t\t\t\t<a class=\"djm-link\" target=\"\" href=\"https:\/\/bizzcenter.de\/anfrage\">299\u20ac<\/a>\t\t\t\t\t\t\t\t\t\t\r\n\t\t\t\t\t\t\t\t\t\t\t\t\t\t\t\t\t\t\t<\/div>\r\n\t\t\t\t\t\t\t\t\r\n\t\t\t\t\t\t\t\t<\/div>\r\n\t\t\t\t\t\t\t\r\n\t\t\t\t\t\t\t<\/div>\r\n\t\t\t\t\t\t\t\t\t\t\t\t\t\t<div class=\"djm-box-col djm-col-xs-12 djm-col-sm-6 djm-col-md-3\">\r\n\t\t\t\t\t\t\t\t\r\n\t\t\t\t\t\t\t\t<div class=\"djm-inner djm-flex-row-item djm-relative\">\r\n\t\t\t\t\t\t\t\t\t\r\n\t\t\t\t\t\t\t\t\t<div class=\"djm-title\">Monatsabo<\/div>\r\n\t\t\t\t\t\t\t\t\t\t\t\t\t\t\t\t\t\t<div class=\"djm-image djm-background\" style=\"background-image:url(https:\/\/bizzcenter.de\/wp-content\/uploads\/2020\/02\/bizzcenter-Weil-am-Rhein-Co-Working.jpg);\"><\/div>\r\n\t\t\t\t\t\t\t\t\t<div class=\"djm-desc\">Wiederkehrendes Monatsabo mit freier Arbeitsplatzwahl in tollen B\u00fcror\u00e4umlichkeiten direkt in Konstanz. Ruhig. Optional soviel Koffein wie n\u00f6tig. K\u00fcndigungsfrist: 3 Monate zum Quartalsende.<br \/>\nPreise zzgl. Mwst<\/div>\r\n\t\t\t\t\t\t\t\t\t\r\n\t\t\t\t\t\t\t\t\t<div class=\"djm-link-wrapper\">\r\n\t\t\t\t\t\t\t\t\t\t<a class=\"djm-link\" target=\"\" href=\"https:\/\/bizzcenter.de\/anfrage\">249\u20ac<\/a>\t\t\t\t\t\t\t\t\t\t\r\n\t\t\t\t\t\t\t\t\t\t\t\t\t\t\t\t\t\t\t<\/div>\r\n\t\t\t\t\t\t\t\t\r\n\t\t\t\t\t\t\t\t<\/div>\r\n\t\t\t\t\t\t\t\r\n\t\t\t\t\t\t\t<\/div>\r\n\t\t\t\t\t\t\t\t\t\t\t\t\t\r\n\t\t\t\t\t\t<\/div>\r\n\t\t\t\t\t\r\n\t\t\t\t\t<\/div>\r\n\t\t\t\t\r\n\t\t\t\t<\/div>\r\n\t\t\t\r\n\t\t\t<\/div>\r\n\t\t\r\n\t\t<\/div>\r\n\t\t\r\n\t\t<h3 class=\"sc_title sc_title_regular style_color_original\"><\/h3>[vc_column_text][\/vc_column_text]<\/p>\n<p>Unser Coworking Space in Konstanz am Bodensee stellt Arbeitspl\u00e4tze und B\u00fcro-Infrastruktur auf Tages-, Wochen- oder Monatsbasis zur Verf\u00fcgung. Des weiteren bleibt die Nutzung jedoch stets zeitlich flexibel. Deshalb erm\u00f6glicht <a href=\"https:\/\/bizzcenter.de\/kontakt-konstanz\/\">Coworking Konstanz<\/a> die Nutzung eines komplett eingerichteten B\u00fcroarbeitsplatzes im bizzcenter f\u00fcr jedes Budget.<\/p>\n<p>Neben Schreibtisch-Arbeitspl\u00e4tzen bieten wir auch beispielsweise einen Besprechungsraum und man kann dazu bei uns <a href=\"https:\/\/bizzcenter.de\/en\/virtual-office-constance\/\">Firmenadressen<\/a> mieten. In der Regel haben Sie ein B\u00fcro f\u00fcr sich alleine oder arbeiten mit max. 3 Personen im Gemeinschaftsb\u00fcro.<\/p>\n<h3>Wir bieten Ihnen einen bequemen Arbeitsplatz:<\/h3>\n<p>&#8211; Highspeed Internet: Egal ob Videokonferenz oder IP-Telefonie. Alle Konferenzr\u00e4ume sind mit W-LAN\/Lan ausgestattet.<br \/>\n&#8211; K\u00fcche: Nutzen Sie w\u00e4hrend Ihres Bizzcenter-Aufenthalts unsere K\u00fcche.<br \/>\n&#8211; Kaffee &amp; Tee: Profimaschine mit Biokaffee, sowie verschiedenste Bio-Teesorten.<br \/>\n&#8211; Pr\u00e4sentationstechnik: Neben den standardm\u00e4\u00dfig im Raum befindlichen Flipcharts, k\u00f6nnen TV (24 Zoll) oder Beamer dazugebucht werden.<br \/>\n&#8211; Bio-Snack-Ecke: Von Schokoriegeln \u00fcber Chips bis Suppen &amp; Curry\u2019s sowie Gehirnfutter in Form von N\u00fcssen finden Sie alles f\u00fcr einen kleinen Snack und Hunger<\/p>\n<p>Sie finden uns verkehrsg\u00fcnstig in Konstanz-Stromeyersdorf. Parkpl\u00e4tze gibt es kostenfrei in den gekennzeichneten Fl\u00e4chen in der Umgebung oder kostenpflichtig im Seepark-Parkhaus Weberinnenstra\u00dfe. Fahrradst\u00e4nder sind am Parkhaus vorhanden, ebenso eine <a href=\"https:\/\/www.goingelectric.de\/stromtankstellen\/Deutschland\/Konstanz\/Seepark-Parkhaus-Weberinnenstrasse-7\/48651\/\">Ladem\u00f6glichkeit f\u00fcr Elektrofahrzeuge<\/a>. Wir freuen uns \u00fcber Ihre <a href=\"https:\/\/bizzcenter.de\/en\/your-request-in-the-bizzcenter\/\">Anfrage<\/a> im Coworking-Space KN.<\/p>\n<div id=\"sc_services_1359955582_wrap\" class=\"sc_services_wrap\"><div id=\"sc_services_1359955582\" class=\"sc_services sc_services_style_services-2 sc_services_type_icons \" style=\"width:100%;\"><h2 class=\"sc_services_title sc_item_title\">Nutzen Sie unsere bestehende Infrastruktur<\/h2><div class=\"sc_columns columns_wrap\"><div class=\"column-1_3 column_padding_bottom\">\t\t\t<div id=\"sc_services_1359955582_1\"\t\t\t\tclass=\"sc_services_item sc_services_item_1 odd first\"\r\n\t\t\t\t>\r\n\t\t\t\t<a href=\"https:\/\/bizzcenter.de\/en\/serviceleistungen\/catering\/\"><span class=\"sc_icon icon-food-light\"><\/span><\/a>\t\t\t\t<div class=\"sc_services_item_content\">\r\n\t\t\t\t\t<h4 class=\"sc_services_item_title\"><a href=\"https:\/\/bizzcenter.de\/en\/serviceleistungen\/catering\/\">Catering<\/a><\/h4>\r\n\t\t\t\t\t<div class=\"sc_services_item_description\">\r\n\t\t\t\t\t\t<p><p>Gerne auch als Verpflegungspaket. Wir organisieren wir f\u00fcr Sie die komplette Meeting-Verpflegung, servieren wir Ihnen ihr Lieblingsgetr\u00e4nk, eine komplette Kaffeepause mit leckeren Teilchen oder auf Wunsch auch ein Mittagslunch.<\/p><\/p>\t\t\t\t\t<\/div>\r\n\t\t\t\t<\/div>\r\n\t\t\t<\/div>\r\n\t\t<\/div><div class=\"column-1_3 column_padding_bottom\">\t\t\t<div id=\"sc_services_1359955582_2\"\t\t\t\tclass=\"sc_services_item sc_services_item_2 even\"\r\n\t\t\t\t>\r\n\t\t\t\t<a href=\"https:\/\/bizzcenter.de\/en\/serviceleistungen\/wlan\/\"><span class=\"sc_icon icon-icon2\"><\/span><\/a>\t\t\t\t<div class=\"sc_services_item_content\">\r\n\t\t\t\t\t<h4 class=\"sc_services_item_title\"><a href=\"https:\/\/bizzcenter.de\/en\/serviceleistungen\/wlan\/\">Highspeed-Internet<\/a><\/h4>\r\n\t\t\t\t\t<div class=\"sc_services_item_description\">\r\n\t\t\t\t\t\t<p><p>Schnell dank Glasfaser. Egal ob Videokonferenz oder IP-Telefonie. Alle R\u00e4ume sind mit schnellem W-LAN (WIFI 5\/6) und Gigabit-LAN ausgestattet.<\/p><\/p>\t\t\t\t\t<\/div>\r\n\t\t\t\t<\/div>\r\n\t\t\t<\/div>\r\n\t\t<\/div><div class=\"column-1_3 column_padding_bottom\">\t\t\t<div id=\"sc_services_1359955582_3\"\t\t\t\tclass=\"sc_services_item sc_services_item_3 odd\"\r\n\t\t\t\t>\r\n\t\t\t\t<a href=\"https:\/\/bizzcenter.de\/en\/serviceleistungen\/ausgestattete-kueche\/\"><span class=\"sc_icon icon-icon5\"><\/span><\/a>\t\t\t\t<div class=\"sc_services_item_content\">\r\n\t\t\t\t\t<h4 class=\"sc_services_item_title\"><a href=\"https:\/\/bizzcenter.de\/en\/serviceleistungen\/ausgestattete-kueche\/\">K\u00fcche<\/a><\/h4>\r\n\t\t\t\t\t<div class=\"sc_services_item_description\">\r\n\t\t\t\t\t\t<p><p>Nutzen Sie w\u00e4hrend Ihres bizzcenter-Aufenthalts unsere Tee-K\u00fcche inkl. Aufw\u00e4rm- und K\u00fchlm\u00f6glichkeit.<\/p><\/p>\t\t\t\t\t<\/div>\r\n\t\t\t\t<\/div>\r\n\t\t\t<\/div>\r\n\t\t<\/div><div class=\"column-1_3 column_padding_bottom\">\t\t\t<div id=\"sc_services_1359955582_4\"\t\t\t\tclass=\"sc_services_item sc_services_item_4 even\"\r\n\t\t\t\t>\r\n\t\t\t\t<a href=\"https:\/\/bizzcenter.de\/en\/serviceleistungen\/kaffee-tee\/\"><span class=\"sc_icon icon-icon6\"><\/span><\/a>\t\t\t\t<div class=\"sc_services_item_content\">\r\n\t\t\t\t\t<h4 class=\"sc_services_item_title\"><a href=\"https:\/\/bizzcenter.de\/en\/serviceleistungen\/kaffee-tee\/\">Kaffee &#038; Tee<\/a><\/h4>\r\n\t\t\t\t\t<div class=\"sc_services_item_description\">\r\n\t\t\t\t\t\t<p><p>Profimaschine mit fairtrade-Bio-Kaffee oder demeter-Getreidekaffee, sowie verschiedenste, feine Bio-Teesorten geben Dir Power f\u00fcr den B\u00fcrotag.<\/p><\/p>\t\t\t\t\t<\/div>\r\n\t\t\t\t<\/div>\r\n\t\t\t<\/div>\r\n\t\t<\/div><div class=\"column-1_3 column_padding_bottom\">\t\t\t<div id=\"sc_services_1359955582_5\"\t\t\t\tclass=\"sc_services_item sc_services_item_5 odd\"\r\n\t\t\t\t>\r\n\t\t\t\t<a href=\"https:\/\/bizzcenter.de\/en\/serviceleistungen\/praesenationstechnik\/\"><span class=\"sc_icon icon-icon7\"><\/span><\/a>\t\t\t\t<div class=\"sc_services_item_content\">\r\n\t\t\t\t\t<h4 class=\"sc_services_item_title\"><a href=\"https:\/\/bizzcenter.de\/en\/serviceleistungen\/praesenationstechnik\/\">Pr\u00e4sentations- &#038; Konferenztechnik<\/a><\/h4>\r\n\t\t\t\t\t<div class=\"sc_services_item_description\">\r\n\t\t\t\t\t\t<p><p>Neben den im Raum befindlichen Flipcharts (auch Moderationsw\u00e4nde), k\u00f6nnen Moderationskoffer, LED-TV (54 und 75 Zoll 4k, AirPlay\u00ae, SmartView\u00ae), HD-Beamer und Leinwand sowie Videokonferenz-Cam (Full HD) optional dazugebucht werden.<\/p><\/p>\t\t\t\t\t<\/div>\r\n\t\t\t\t<\/div>\r\n\t\t\t<\/div>\r\n\t\t<\/div><div class=\"column-1_3 column_padding_bottom\">\t\t\t<div id=\"sc_services_1359955582_6\"\t\t\t\tclass=\"sc_services_item sc_services_item_6 even\"\r\n\t\t\t\t>\r\n\t\t\t\t<a href=\"https:\/\/bizzcenter.de\/en\/serviceleistungen\/bio-snack-ecke\/\"><span class=\"sc_icon icon-infrastructure05\"><\/span><\/a>\t\t\t\t<div class=\"sc_services_item_content\">\r\n\t\t\t\t\t<h4 class=\"sc_services_item_title\"><a href=\"https:\/\/bizzcenter.de\/en\/serviceleistungen\/bio-snack-ecke\/\">Bio-Snacks<\/a><\/h4>\r\n\t\t\t\t\t<div class=\"sc_services_item_description\">\r\n\t\t\t\t\t\t<p><p>Von Powerriegeln \u00fcber Salzbrezelchen bis Suppen &amp; Currys sowie Gehirnfutter in Form von N\u00fcssen finden Sie alles f\u00fcr einen kleinen Snack und Hunger in Bio-Qualit\u00e4t.<\/p><\/p>\t\t\t\t\t<\/div>\r\n\t\t\t\t<\/div>\r\n\t\t\t<\/div>\r\n\t\t<\/div><\/div><\/div><!-- \/.sc_services --><\/div><!-- \/.sc_services_wrap -->[vc_column_text][\/vc_column_text][\/vc_column][\/vc_row][vc_column][\/vc_column]<div id=\"sc_googlemap_708138052\" class=\"sc_googlemap\" style=\"width:100%;height:480px;\" data-zoom=\"16\" data-style=\"default\"><iframe src=\"https:\/\/maps.google.com\/maps?t=m&output=embed&iwloc=near&z=16&q=bizzcenter+e.K.%2C+Lohnerhofstr.+2%2C+78467+Konstanz\" scrolling=\"no\" marginheight=\"0\" marginwidth=\"0\" frameborder=\"0\"\n                    aria-label=\"\"><\/iframe><\/div>[vc_row][vc_column][vc_column_text][\/vc_column_text][\/vc_column][\/vc_row]<\/p>\n<p>&nbsp;<\/p>\n<p>Worth knowing: Coworking (also known as co-working) literally means &#8220;working side by side&#8221; or &#8220;working together&#8221; and first appeared as a concept in the USA. Coworking usually takes place in so-called &#8220;coworking spaces&#8221;, the first of which opened in San Francisco in 2005. Initially observed purely as a phenomenon in large cities and metropolitan areas, the concept has now established itself worldwide both as a new form of work in the sense of Work 4.0 and as an instrument of regional development. (Source: <a href=\"https:\/\/www.bundesverband-coworking.de\/was-ist-coworking\/\">German Coworking Association<\/a>)   <\/p>\n<div class=\"elementor-element elementor-element-8c96352 text-gray-700 mb-6 mb-md-6 elementor-widget elementor-widget-text-editor\" data-id=\"8c96352\" data-element_type=\"widget\" data-widget_type=\"text-editor.default\">\n<div class=\"elementor-widget-container\">\n<p>By the way: We are 2 minutes away from the Seerhein. Ideal for an entrepreneurial walk to the lake. <\/p>\n<\/div>\n<\/div>\n<\/section>","protected":false},"excerpt":{"rendered":"<p>[vc_row][vc_column][vc_column_text][\/vc_column_text] Unser Coworking Space in Konstanz am Bodensee stellt Arbeitspl\u00e4tze und B\u00fcro-Infrastruktur auf Tages-, Wochen- oder Monatsbasis zur Verf\u00fcgung. Des weiteren bleibt die Nutzung jedoch stets zeitlich flexibel. Deshalb erm\u00f6glicht Coworking Konstanz die Nutzung eines komplett eingerichteten B\u00fcroarbeitsplatzes im bizzcenter f\u00fcr jedes Budget. Neben Schreibtisch-Arbeitspl\u00e4tzen bieten wir auch beispielsweise einen Besprechungsraum und man kann dazu [&hellip;]<\/p>\n","protected":false},"author":2,"featured_media":0,"parent":0,"menu_order":0,"comment_status":"closed","ping_status":"closed","template":"","meta":{"_bbp_topic_count":0,"_bbp_reply_count":0,"_bbp_total_topic_count":0,"_bbp_total_reply_count":0,"_bbp_voice_count":0,"_bbp_anonymous_reply_count":0,"_bbp_topic_count_hidden":0,"_bbp_reply_count_hidden":0,"_bbp_forum_subforum_count":0},"aioseo_notices":[],"_links":{"self":[{"href":"https:\/\/bizzcenter.de\/en\/wp-json\/wp\/v2\/pages\/2937"}],"collection":[{"href":"https:\/\/bizzcenter.de\/en\/wp-json\/wp\/v2\/pages"}],"about":[{"href":"https:\/\/bizzcenter.de\/en\/wp-json\/wp\/v2\/types\/page"}],"author":[{"embeddable":true,"href":"https:\/\/bizzcenter.de\/en\/wp-json\/wp\/v2\/users\/2"}],"replies":[{"embeddable":true,"href":"https:\/\/bizzcenter.de\/en\/wp-json\/wp\/v2\/comments?post=2937"}],"version-history":[{"count":9,"href":"https:\/\/bizzcenter.de\/en\/wp-json\/wp\/v2\/pages\/2937\/revisions"}],"predecessor-version":[{"id":3640,"href":"https:\/\/bizzcenter.de\/en\/wp-json\/wp\/v2\/pages\/2937\/revisions\/3640"}],"wp:attachment":[{"href":"https:\/\/bizzcenter.de\/en\/wp-json\/wp\/v2\/media?parent=2937"}],"curies":[{"name":"wp","href":"https:\/\/api.w.org\/{rel}","templated":true}]}}